{"id":342,"date":"2018-12-17T16:35:34","date_gmt":"2018-12-17T16:35:34","guid":{"rendered":"https:\/\/estudiovalija.com.ar\/anda\/?page_id=342"},"modified":"2020-02-12T16:33:55","modified_gmt":"2020-02-12T16:33:55","slug":"futuro-oeste-cooperativa","status":"publish","type":"page","link":"https:\/\/estudiovalija.com.ar\/anda\/proyectos\/futuro-oeste-cooperativa\/","title":{"rendered":"Futuro Oeste cooperativa"},"content":{"rendered":"<p>&nbsp;<\/p>\n<h1 style=\"padding-left: 30px;\">Futuro Oeste cooperativa<\/h1>\n<p style=\"padding-left: 30px;\"><span style=\"color: #999999;\">Localidad<\/span>\u00a0Rosario<br \/>\n<span style=\"color: #999999;\">A\u00f1o<\/span>\u00a02018<br \/>\n<span style=\"color: #999999;\">Tiempo<\/span>\u00a01 a\u00f1o<br \/>\n<span style=\"color: #999999;\">Participantes<\/span>\u00a08 j\u00f3venes (entre 18 y 30 a\u00f1os)<br \/>\n<span style=\"color: #999999;\">Modalidad<\/span>\u00a0coordinaci\u00f3n \/ acompa\u00f1amiento<br \/>\n<span style=\"color: #999999;\">Agentes involucrados<\/span> <a href=\"http:\/\/www.estudiovalija.com.ar\/anda\">Anda<\/a> \/ Centro de capacitaci\u00f3n y producci\u00f3n Parada Oeste \/ Ministerio Desarrollo Social y Educaci\u00f3n de Santa Fe \/ Municipalidad de Rosario \/ Fundaci\u00f3n 11 de Octubre<\/p>\n<hr \/>\n<p style=\"padding-left: 30px;\">Haciendo foco en la potencia del dise\u00f1o para <strong>otorgar valor a los entornos urbanos<\/strong>\u00a0experimentando con <strong>nuevos materiales y tecnolog\u00edas<\/strong>.<\/p>\n<p style=\"padding-left: 30px;\">Luego de <strong>meses de capacitaci\u00f3n<\/strong> (<em>Programa Nueva Oportunidad<\/em>) se conform\u00f3 la cooperativa Futuro Oeste que funciona en el Centro de capacitaci\u00f3n y producci\u00f3n <strong>Parada Oeste<\/strong>. Estamos <strong>acompa\u00f1ando el desarrollo de esta empresa<\/strong> que dise\u00f1a y construye <strong>baldosas hidr\u00e1ulicas para espacios p\u00fablicos<\/strong> desde la ciudad de Rosario.<\/p>\n<p style=\"padding-left: 40px;\">&gt; <a href=\"https:\/\/estudiovalija.com.ar\/anda\/wp-content\/uploads\/2020\/02\/catalogo_parada_oeste.pdf\" target=\"_blank\" rel=\"noopener noreferrer\">Descargar cat\u00e1logo de productos<\/a><\/p>\n<div style=\"padding: 56.25% 0 0 0; position: relative;\"><iframe style=\"position: absolute; top: 0; left: 0; width: 100%; height: 100%;\" src=\"https:\/\/player.vimeo.com\/video\/292486368?color=fff&amp;title=0&amp;byline=0&amp;portrait=0\" frameborder=\"0\" allowfullscreen=\"allowfullscreen\"><\/iframe><\/div>\n<p>&nbsp;<\/p>\n<div id='gallery-1' class='gallery galleryid-342 gallery-columns-2 gallery-size-medium'><figure class='gallery-item'>\n\t\t\t<div class='gallery-icon landscape'>\n\t\t\t\t<img loading=\"lazy\" decoding=\"async\" width=\"300\" height=\"200\" src=\"https:\/\/estudiovalija.com.ar\/anda\/wp-content\/uploads\/2018\/12\/dsc_0583-300x200.jpg\" class=\"attachment-medium size-medium\" alt=\"\" srcset=\"https:\/\/estudiovalija.com.ar\/anda\/wp-content\/uploads\/2018\/12\/dsc_0583-300x200.jpg 300w, https:\/\/estudiovalija.com.ar\/anda\/wp-content\/uploads\/2018\/12\/dsc_0583-768x512.jpg 768w, https:\/\/estudiovalija.com.ar\/anda\/wp-content\/uploads\/2018\/12\/dsc_0583-1024x683.jpg 1024w, https:\/\/estudiovalija.com.ar\/anda\/wp-content\/uploads\/2018\/12\/dsc_0583.jpg 1062w\" sizes=\"auto, (max-width: 300px) 100vw, 300px\" \/>\n\t\t\t<\/div><\/figure><figure class='gallery-item'>\n\t\t\t<div class='gallery-icon landscape'>\n\t\t\t\t<img loading=\"lazy\" decoding=\"async\" width=\"300\" height=\"200\" src=\"https:\/\/estudiovalija.com.ar\/anda\/wp-content\/uploads\/2018\/12\/curva0-300x200.jpg\" class=\"attachment-medium size-medium\" alt=\"\" srcset=\"https:\/\/estudiovalija.com.ar\/anda\/wp-content\/uploads\/2018\/12\/curva0-300x200.jpg 300w, https:\/\/estudiovalija.com.ar\/anda\/wp-content\/uploads\/2018\/12\/curva0-768x512.jpg 768w, https:\/\/estudiovalija.com.ar\/anda\/wp-content\/uploads\/2018\/12\/curva0-1024x683.jpg 1024w, https:\/\/estudiovalija.com.ar\/anda\/wp-content\/uploads\/2018\/12\/curva0.jpg 1500w\" sizes=\"auto, (max-width: 300px) 100vw, 300px\" \/>\n\t\t\t<\/div><\/figure><figure class='gallery-item'>\n\t\t\t<div class='gallery-icon landscape'>\n\t\t\t\t<img loading=\"lazy\" decoding=\"async\" width=\"300\" height=\"200\" src=\"https:\/\/estudiovalija.com.ar\/anda\/wp-content\/uploads\/2018\/12\/dsc_0977-300x200.jpg\" class=\"attachment-medium size-medium\" alt=\"\" srcset=\"https:\/\/estudiovalija.com.ar\/anda\/wp-content\/uploads\/2018\/12\/dsc_0977-300x200.jpg 300w, https:\/\/estudiovalija.com.ar\/anda\/wp-content\/uploads\/2018\/12\/dsc_0977-768x512.jpg 768w, https:\/\/estudiovalija.com.ar\/anda\/wp-content\/uploads\/2018\/12\/dsc_0977-1024x683.jpg 1024w, https:\/\/estudiovalija.com.ar\/anda\/wp-content\/uploads\/2018\/12\/dsc_0977.jpg 1575w\" sizes=\"auto, (max-width: 300px) 100vw, 300px\" \/>\n\t\t\t<\/div><\/figure><figure class='gallery-item'>\n\t\t\t<div class='gallery-icon landscape'>\n\t\t\t\t<img loading=\"lazy\" decoding=\"async\" width=\"300\" height=\"201\" src=\"https:\/\/estudiovalija.com.ar\/anda\/wp-content\/uploads\/2018\/12\/boceto-300x201.jpg\" class=\"attachment-medium size-medium\" alt=\"\" srcset=\"https:\/\/estudiovalija.com.ar\/anda\/wp-content\/uploads\/2018\/12\/boceto-300x201.jpg 300w, https:\/\/estudiovalija.com.ar\/anda\/wp-content\/uploads\/2018\/12\/boceto-768x515.jpg 768w, https:\/\/estudiovalija.com.ar\/anda\/wp-content\/uploads\/2018\/12\/boceto-1024x687.jpg 1024w, https:\/\/estudiovalija.com.ar\/anda\/wp-content\/uploads\/2018\/12\/boceto.jpg 1200w\" sizes=\"auto, (max-width: 300px) 100vw, 300px\" \/>\n\t\t\t<\/div><\/figure><figure class='gallery-item'>\n\t\t\t<div class='gallery-icon landscape'>\n\t\t\t\t<img loading=\"lazy\" decoding=\"async\" width=\"300\" height=\"200\" src=\"https:\/\/estudiovalija.com.ar\/anda\/wp-content\/uploads\/2018\/12\/AS-300x200.jpg\" class=\"attachment-medium size-medium\" alt=\"\" srcset=\"https:\/\/estudiovalija.com.ar\/anda\/wp-content\/uploads\/2018\/12\/AS-300x200.jpg 300w, https:\/\/estudiovalija.com.ar\/anda\/wp-content\/uploads\/2018\/12\/AS-768x512.jpg 768w, https:\/\/estudiovalija.com.ar\/anda\/wp-content\/uploads\/2018\/12\/AS-1024x683.jpg 1024w, https:\/\/estudiovalija.com.ar\/anda\/wp-content\/uploads\/2018\/12\/AS.jpg 1500w\" sizes=\"auto, (max-width: 300px) 100vw, 300px\" \/>\n\t\t\t<\/div><\/figure><figure class='gallery-item'>\n\t\t\t<div class='gallery-icon landscape'>\n\t\t\t\t<img loading=\"lazy\" decoding=\"async\" width=\"300\" height=\"200\" src=\"https:\/\/estudiovalija.com.ar\/anda\/wp-content\/uploads\/2018\/12\/dsc_0994-300x200.jpg\" class=\"attachment-medium size-medium\" alt=\"\" srcset=\"https:\/\/estudiovalija.com.ar\/anda\/wp-content\/uploads\/2018\/12\/dsc_0994-300x200.jpg 300w, https:\/\/estudiovalija.com.ar\/anda\/wp-content\/uploads\/2018\/12\/dsc_0994-768x512.jpg 768w, https:\/\/estudiovalija.com.ar\/anda\/wp-content\/uploads\/2018\/12\/dsc_0994-1024x683.jpg 1024w, https:\/\/estudiovalija.com.ar\/anda\/wp-content\/uploads\/2018\/12\/dsc_0994.jpg 1500w\" sizes=\"auto, (max-width: 300px) 100vw, 300px\" \/>\n\t\t\t<\/div><\/figure><figure class='gallery-item'>\n\t\t\t<div class='gallery-icon landscape'>\n\t\t\t\t<img loading=\"lazy\" decoding=\"async\" width=\"300\" height=\"219\" src=\"https:\/\/estudiovalija.com.ar\/anda\/wp-content\/uploads\/2019\/01\/20190128_100344-300x219.jpg\" class=\"attachment-medium size-medium\" alt=\"\" srcset=\"https:\/\/estudiovalija.com.ar\/anda\/wp-content\/uploads\/2019\/01\/20190128_100344-300x219.jpg 300w, https:\/\/estudiovalija.com.ar\/anda\/wp-content\/uploads\/2019\/01\/20190128_100344-768x562.jpg 768w, https:\/\/estudiovalija.com.ar\/anda\/wp-content\/uploads\/2019\/01\/20190128_100344-1024x749.jpg 1024w\" sizes=\"auto, (max-width: 300px) 100vw, 300px\" \/>\n\t\t\t<\/div><\/figure><figure class='gallery-item'>\n\t\t\t<div class='gallery-icon landscape'>\n\t\t\t\t<img loading=\"lazy\" decoding=\"async\" width=\"300\" height=\"219\" src=\"https:\/\/estudiovalija.com.ar\/anda\/wp-content\/uploads\/2019\/01\/a-300x219.jpg\" class=\"attachment-medium size-medium\" alt=\"\" srcset=\"https:\/\/estudiovalija.com.ar\/anda\/wp-content\/uploads\/2019\/01\/a-300x219.jpg 300w, https:\/\/estudiovalija.com.ar\/anda\/wp-content\/uploads\/2019\/01\/a-768x562.jpg 768w, https:\/\/estudiovalija.com.ar\/anda\/wp-content\/uploads\/2019\/01\/a-1024x749.jpg 1024w\" sizes=\"auto, (max-width: 300px) 100vw, 300px\" \/>\n\t\t\t<\/div><\/figure>\n\t\t<\/div>\n\n<p><iframe loading=\"lazy\" src=\"https:\/\/player.vimeo.com\/video\/331394630?title=0&amp;byline=0&amp;portrait=0\" width=\"640\" height=\"360\" frameborder=\"0\" allowfullscreen=\"allowfullscreen\"><\/iframe><\/p>\n","protected":false},"excerpt":{"rendered":"<p>&nbsp; Futuro Oeste cooperativa Localidad\u00a0Rosario A\u00f1o\u00a02018 Tiempo\u00a01 a\u00f1o Participantes\u00a08 j\u00f3venes (entre 18 y 30 a\u00f1os) Modalidad\u00a0coordinaci\u00f3n \/ acompa\u00f1amiento Agentes involucrados Anda \/ Centro de capacitaci\u00f3n y producci\u00f3n Parada Oeste \/ Ministerio Desarrollo Social y Educaci\u00f3n de Santa Fe \/ Municipalidad de Rosario \/ Fundaci\u00f3n 11 de Octubre Haciendo foco en la potencia del dise\u00f1o para [&hellip;]<\/p>\n","protected":false},"author":1,"featured_media":0,"parent":37,"menu_order":0,"comment_status":"closed","ping_status":"closed","template":"templates\/page-builder-template.php","meta":{"footnotes":""},"class_list":["post-342","page","type-page","status-publish","hentry"],"_links":{"self":[{"href":"https:\/\/estudiovalija.com.ar\/anda\/wp-json\/wp\/v2\/pages\/342","targetHints":{"allow":["GET"]}}],"collection":[{"href":"https:\/\/estudiovalija.com.ar\/anda\/wp-json\/wp\/v2\/pages"}],"about":[{"href":"https:\/\/estudiovalija.com.ar\/anda\/wp-json\/wp\/v2\/types\/page"}],"author":[{"embeddable":true,"href":"https:\/\/estudiovalija.com.ar\/anda\/wp-json\/wp\/v2\/users\/1"}],"replies":[{"embeddable":true,"href":"https:\/\/estudiovalija.com.ar\/anda\/wp-json\/wp\/v2\/comments?post=342"}],"version-history":[{"count":28,"href":"https:\/\/estudiovalija.com.ar\/anda\/wp-json\/wp\/v2\/pages\/342\/revisions"}],"predecessor-version":[{"id":1376,"href":"https:\/\/estudiovalija.com.ar\/anda\/wp-json\/wp\/v2\/pages\/342\/revisions\/1376"}],"up":[{"embeddable":true,"href":"https:\/\/estudiovalija.com.ar\/anda\/wp-json\/wp\/v2\/pages\/37"}],"wp:attachment":[{"href":"https:\/\/estudiovalija.com.ar\/anda\/wp-json\/wp\/v2\/media?parent=342"}],"curies":[{"name":"wp","href":"https:\/\/api.w.org\/{rel}","templated":true}]}}